{"id":6,"date":"2020-06-30T08:34:10","date_gmt":"2020-06-30T06:34:10","guid":{"rendered":"http:\/\/dev.endf.fr\/?page_id=6"},"modified":"2023-09-11T18:04:07","modified_gmt":"2023-09-11T16:04:07","slug":"accueil","status":"publish","type":"page","link":"https:\/\/endf.fr\/","title":{"rendered":"Accueil"},"content":{"rendered":"<p><!--vcv no format--><!-- vcwb\/dynamicElementComment:7389d05b --><\/p>\n<div class=\"vce-row-container\" data-vce-boxed-width=\"true\">\n<div class=\"vce-row vce-row--col-gap-30 vce-row-equal-height vce-row-content--top\" id=\"el-7389d05b\" data-vce-do-apply=\"all el-7389d05b\">\n<div class=\"vce-row-content\" data-vce-element-content=\"true\"><!-- vcwb\/dynamicElementComment:698bf380 --><\/p>\n<div class=\"vce-col vce-col--md-auto vce-col--xs-1 vce-col--xs-last vce-col--xs-first vce-col--sm-last vce-col--sm-first vce-col--md-last vce-col--lg-last vce-col--xl-last vce-col--md-first vce-col--lg-first vce-col--xl-first\" id=\"el-698bf380\">\n<div class=\"vce-col-inner\" data-vce-do-apply=\"border margin background  el-698bf380\">\n<div class=\"vce-col-content\" data-vce-element-content=\"true\" data-vce-do-apply=\"padding el-698bf380\"><!-- vcwb\/dynamicElementComment:285d464b --><\/p>\n<div class=\"vce-text-block\">\n<div class=\"vce-text-block-wrapper vce\" id=\"el-285d464b\" data-vce-do-apply=\"all el-285d464b\">\n<p>[vc_row][vc_column][vc_column_text css_animation=\u00a0\u00bbslideInRight\u00a0\u00bb]<a name=\"contact\"><\/a><\/p>\n<p style=\"text-shadow: black 2px 2px 2px; text-align: center; padding: 50px; font-weight: bold;\"><span style=\"color: #ffffff;\">Prestataire de services, <strong>STTNS Energie&nbsp;<\/strong>exerce essentiellement ses activit\u00e9s dans les domaines de l&rsquo;\u00e9lectricit\u00e9 et de l&rsquo;\u00e9clairage. Bas\u00e9es sur le litoral dunkerquois et dans la m\u00e9tropole lilloise, nos \u00e9quipes sont \u00e0 m\u00eame d&rsquo;intervenir sur tout le quart nord ouest de la France.<\/span><\/p>\n<p>[\/vc_column_text][\/vc_column][\/vc_row][vc_row][vc_column][vc_separator color=\u00a0\u00bbwhite\u00a0\u00bb][\/vc_column][\/vc_row][vc_row][vc_column][vc_column_text css=\u00a0\u00bb.vc_custom_1594027192024{background-color: rgba(61,130,191,0.67) !important;*background-color: rgb(61,130,191) !important;border-radius: 2px !important;}\u00a0\u00bb]<a name=\"activite\"><\/a><\/p>\n<h1 style=\"text-align: center; text-shadow: 1px 1px 2px black;\"><span style=\"color: #ffffff;\">Notre activit\u00e9<\/span><\/h1>\n<div style=\"text-shadow: 1px 1px 2px black; padding: 50px;\">\n<h3><span style=\"color: #ffffff;\">Comp\u00e9tence<\/span><\/h3>\n<ul>\n<li><span style=\"color: #ffffff;\">Etude et r\u00e9alisation d&rsquo;installations \u00e9lectriques tertiaires et industrielles dans les domaines basses et haute tension.<\/span><\/li>\n<li><span style=\"color: #ffffff;\">Voiries, r\u00e9seaux divers, \u00e9clairage public.<\/span><\/li>\n<li><span style=\"color: #ffffff;\">R\u00e9seaux c\u00e2bl\u00e9s (fibre optique, TV par c\u00e2ble)<\/span><\/li>\n<li><span style=\"color: #ffffff;\">Extension et raccordement de r\u00e9seaux de t\u00e9l\u00e9phonie (France et Belgique)<\/span><\/li>\n<li><span style=\"color: #ffffff;\">Etude et mise en place de syst\u00e8mes de gestion technique de b\u00e2timent<\/span><\/li>\n<li><span style=\"color: #ffffff;\">D\u00e9m\u00e9nagement d&rsquo;entreprises et remise sous tension d&rsquo;outils de production<\/span><\/li>\n<li><span style=\"color: #ffffff;\">Maintenance industrielle pr\u00e9ventive et curative<\/span><\/li>\n<\/ul>\n<p><span style=\"color: #ffffff;\">Interventions toute l&rsquo;ann\u00e9e dans un d\u00e9lai maximum d&rsquo;une heure gr\u00e2ce \u00e0 notre syst\u00e8me d&rsquo;astreinte et aux contacts permanents entre les charg\u00e9s d&rsquo;affaires et le personnel de chantier.<\/span><br \/><span style=\"color: #ffffff;\">Recherche permanente du progr\u00e8s et du z\u00e9ro d\u00e9faut par des innovations dans tous les domaines.<\/span><\/p>\n<h3><span style=\"color: #ffffff;\">Moyens<\/span><\/h3>\n<p><span style=\"color: #ffffff;\">S.T.T.N. dispose de moyens techniques et logistiques modernes facilitant le bon d\u00e9roulement des prestations :<\/span><\/p>\n<ul>\n<li><span style=\"color: #ffffff;\">Un atelier \u00e9quip\u00e9 pour le c\u00e2blage<\/span><\/li>\n<li><span style=\"color: #ffffff;\">Des v\u00e9hicules-atelier \u00e9quip\u00e9s<\/span><\/li>\n<li><span style=\"color: #ffffff;\">Un entrep\u00f4t de stockage de 600m2<\/span><\/li>\n<li><span style=\"color: #ffffff;\">De l&rsquo;outillage sp\u00e9cifique<\/span><\/li>\n<\/ul>\n<\/div>\n<p>[\/vc_column_text][\/vc_column][\/vc_row]<\/p>\n<\/div>\n<\/div>\n<p><!-- \/vcwb\/dynamicElementComment:285d464b --><\/div>\n<\/div>\n<\/div>\n<p><!-- \/vcwb\/dynamicElementComment:698bf380 --><\/div>\n<\/div>\n<\/div>\n<p><!-- \/vcwb\/dynamicElementComment:7389d05b --><!--vcv no format--><\/p>\n","protected":false},"excerpt":{"rendered":"<p>[vc_row][vc_column][vc_column_text css_animation=\u00a0\u00bbslideInRight\u00a0\u00bb] Prestataire de services, STTNS Energie&nbsp;exerce essentiellement ses activit\u00e9s dans les domaines de l&rsquo;\u00e9lectricit\u00e9 et de l&rsquo;\u00e9clairage. Bas\u00e9es sur le litoral dunkerquois et dans la m\u00e9tropole lilloise, nos \u00e9quipes sont \u00e0 m\u00eame d&rsquo;intervenir sur tout le quart nord ouest de la France. [\/vc_column_text][\/vc_column][\/vc_row][vc_row][vc_column][vc_separator color=\u00a0\u00bbwhite\u00a0\u00bb][\/vc_column][\/vc_row][vc_row][vc_column][vc_column_text css=\u00a0\u00bb.vc_custom_1594027192024{background-color: rgba(61,130,191,0.67) !important;*background-color: rgb(61,130,191) !important;border-radius: 2px !important;}\u00a0\u00bb] Notre activit\u00e9 Comp\u00e9tence&hellip;&nbsp;<a href=\"https:\/\/endf.fr\/\" rel=\"bookmark\">Lire la suite &raquo;<span class=\"screen-reader-text\">Accueil<\/span><\/a><\/p>\n","protected":false},"author":1,"featured_media":0,"parent":0,"menu_order":0,"comment_status":"closed","ping_status":"open","template":"","meta":{"neve_meta_sidebar":"","neve_meta_container":"","neve_meta_enable_content_width":"","neve_meta_content_width":0,"neve_meta_title_alignment":"","neve_meta_author_avatar":"","neve_post_elements_order":"","neve_meta_disable_header":"","neve_meta_disable_footer":"","neve_meta_disable_title":"","footnotes":""},"class_list":["post-6","page","type-page","status-publish","hentry"],"yoast_head":"<!-- This site is optimized with the Yoast SEO plugin v25.7 - https:\/\/yoast.com\/wordpress\/plugins\/seo\/ -->\n<title>Accueil - Endf<\/title>\n<meta name=\"robots\" content=\"index, follow, max-snippet:-1, max-image-preview:large, max-video-preview:-1\" \/>\n<link rel=\"canonical\" href=\"https:\/\/endf.fr\/\" \/>\n<meta property=\"og:locale\" content=\"fr_FR\" \/>\n<meta property=\"og:type\" content=\"article\" \/>\n<meta property=\"og:title\" content=\"Accueil - Endf\" \/>\n<meta property=\"og:description\" content=\"[vc_row][vc_column][vc_column_text css_animation=\u00a0\u00bbslideInRight\u00a0\u00bb] Prestataire de services, STTNS Energie&nbsp;exerce essentiellement ses activit\u00e9s dans les domaines de l&rsquo;\u00e9lectricit\u00e9 et de l&rsquo;\u00e9clairage. Bas\u00e9es sur le litoral dunkerquois et dans la m\u00e9tropole lilloise, nos \u00e9quipes sont \u00e0 m\u00eame d&rsquo;intervenir sur tout le quart nord ouest de la France. [\/vc_column_text][\/vc_column][\/vc_row][vc_row][vc_column][vc_separator color=\u00a0\u00bbwhite\u00a0\u00bb][\/vc_column][\/vc_row][vc_row][vc_column][vc_column_text css=\u00a0\u00bb.vc_custom_1594027192024{background-color: rgba(61,130,191,0.67) !important;*background-color: rgb(61,130,191) !important;border-radius: 2px !important;}\u00a0\u00bb] Notre activit\u00e9 Comp\u00e9tence&hellip;&nbsp;Lire la suite &raquo;Accueil\" \/>\n<meta property=\"og:url\" content=\"https:\/\/endf.fr\/\" \/>\n<meta property=\"og:site_name\" content=\"Endf\" \/>\n<meta property=\"article:modified_time\" content=\"2023-09-11T16:04:07+00:00\" \/>\n<meta name=\"twitter:card\" content=\"summary_large_image\" \/>\n<meta name=\"twitter:label1\" content=\"Dur\u00e9e de lecture estim\u00e9e\" \/>\n\t<meta name=\"twitter:data1\" content=\"1 minute\" \/>\n<script type=\"application\/ld+json\" class=\"yoast-schema-graph\">{\"@context\":\"https:\/\/schema.org\",\"@graph\":[{\"@type\":\"WebPage\",\"@id\":\"https:\/\/endf.fr\/\",\"url\":\"https:\/\/endf.fr\/\",\"name\":\"Accueil - Endf\",\"isPartOf\":{\"@id\":\"https:\/\/endf.fr\/#website\"},\"datePublished\":\"2020-06-30T06:34:10+00:00\",\"dateModified\":\"2023-09-11T16:04:07+00:00\",\"breadcrumb\":{\"@id\":\"https:\/\/endf.fr\/#breadcrumb\"},\"inLanguage\":\"fr-FR\",\"potentialAction\":[{\"@type\":\"ReadAction\",\"target\":[\"https:\/\/endf.fr\/\"]}]},{\"@type\":\"BreadcrumbList\",\"@id\":\"https:\/\/endf.fr\/#breadcrumb\",\"itemListElement\":[{\"@type\":\"ListItem\",\"position\":1,\"name\":\"Home\",\"item\":\"https:\/\/endf.fr\/\"},{\"@type\":\"ListItem\",\"position\":2,\"name\":\"Accueil\"}]},{\"@type\":\"WebSite\",\"@id\":\"https:\/\/endf.fr\/#website\",\"url\":\"https:\/\/endf.fr\/\",\"name\":\"Endf\",\"description\":\"\",\"potentialAction\":[{\"@type\":\"SearchAction\",\"target\":{\"@type\":\"EntryPoint\",\"urlTemplate\":\"https:\/\/endf.fr\/?s={search_term_string}\"},\"query-input\":{\"@type\":\"PropertyValueSpecification\",\"valueRequired\":true,\"valueName\":\"search_term_string\"}}],\"inLanguage\":\"fr-FR\"}]}<\/script>\n<!-- \/ Yoast SEO plugin. -->","yoast_head_json":{"title":"Accueil - Endf","robots":{"index":"index","follow":"follow","max-snippet":"max-snippet:-1","max-image-preview":"max-image-preview:large","max-video-preview":"max-video-preview:-1"},"canonical":"https:\/\/endf.fr\/","og_locale":"fr_FR","og_type":"article","og_title":"Accueil - Endf","og_description":"[vc_row][vc_column][vc_column_text css_animation=\u00a0\u00bbslideInRight\u00a0\u00bb] Prestataire de services, STTNS Energie&nbsp;exerce essentiellement ses activit\u00e9s dans les domaines de l&rsquo;\u00e9lectricit\u00e9 et de l&rsquo;\u00e9clairage. Bas\u00e9es sur le litoral dunkerquois et dans la m\u00e9tropole lilloise, nos \u00e9quipes sont \u00e0 m\u00eame d&rsquo;intervenir sur tout le quart nord ouest de la France. [\/vc_column_text][\/vc_column][\/vc_row][vc_row][vc_column][vc_separator color=\u00a0\u00bbwhite\u00a0\u00bb][\/vc_column][\/vc_row][vc_row][vc_column][vc_column_text css=\u00a0\u00bb.vc_custom_1594027192024{background-color: rgba(61,130,191,0.67) !important;*background-color: rgb(61,130,191) !important;border-radius: 2px !important;}\u00a0\u00bb] Notre activit\u00e9 Comp\u00e9tence&hellip;&nbsp;Lire la suite &raquo;Accueil","og_url":"https:\/\/endf.fr\/","og_site_name":"Endf","article_modified_time":"2023-09-11T16:04:07+00:00","twitter_card":"summary_large_image","twitter_misc":{"Dur\u00e9e de lecture estim\u00e9e":"1 minute"},"schema":{"@context":"https:\/\/schema.org","@graph":[{"@type":"WebPage","@id":"https:\/\/endf.fr\/","url":"https:\/\/endf.fr\/","name":"Accueil - Endf","isPartOf":{"@id":"https:\/\/endf.fr\/#website"},"datePublished":"2020-06-30T06:34:10+00:00","dateModified":"2023-09-11T16:04:07+00:00","breadcrumb":{"@id":"https:\/\/endf.fr\/#breadcrumb"},"inLanguage":"fr-FR","potentialAction":[{"@type":"ReadAction","target":["https:\/\/endf.fr\/"]}]},{"@type":"BreadcrumbList","@id":"https:\/\/endf.fr\/#breadcrumb","itemListElement":[{"@type":"ListItem","position":1,"name":"Home","item":"https:\/\/endf.fr\/"},{"@type":"ListItem","position":2,"name":"Accueil"}]},{"@type":"WebSite","@id":"https:\/\/endf.fr\/#website","url":"https:\/\/endf.fr\/","name":"Endf","description":"","potentialAction":[{"@type":"SearchAction","target":{"@type":"EntryPoint","urlTemplate":"https:\/\/endf.fr\/?s={search_term_string}"},"query-input":{"@type":"PropertyValueSpecification","valueRequired":true,"valueName":"search_term_string"}}],"inLanguage":"fr-FR"}]}},"_links":{"self":[{"href":"https:\/\/endf.fr\/index.php?rest_route=\/wp\/v2\/pages\/6","targetHints":{"allow":["GET"]}}],"collection":[{"href":"https:\/\/endf.fr\/index.php?rest_route=\/wp\/v2\/pages"}],"about":[{"href":"https:\/\/endf.fr\/index.php?rest_route=\/wp\/v2\/types\/page"}],"author":[{"embeddable":true,"href":"https:\/\/endf.fr\/index.php?rest_route=\/wp\/v2\/users\/1"}],"replies":[{"embeddable":true,"href":"https:\/\/endf.fr\/index.php?rest_route=%2Fwp%2Fv2%2Fcomments&post=6"}],"version-history":[{"count":18,"href":"https:\/\/endf.fr\/index.php?rest_route=\/wp\/v2\/pages\/6\/revisions"}],"predecessor-version":[{"id":87,"href":"https:\/\/endf.fr\/index.php?rest_route=\/wp\/v2\/pages\/6\/revisions\/87"}],"wp:attachment":[{"href":"https:\/\/endf.fr\/index.php?rest_route=%2Fwp%2Fv2%2Fmedia&parent=6"}],"curies":[{"name":"wp","href":"https:\/\/api.w.org\/{rel}","templated":true}]}}